{"id":3,"date":"2024-03-22T06:58:58","date_gmt":"2024-03-22T06:58:58","guid":{"rendered":"https:\/\/intelway.lv\/?page_id=3"},"modified":"2024-06-11T13:26:40","modified_gmt":"2024-06-11T13:26:40","slug":"datenschutzrichtlinie-2","status":"publish","type":"page","link":"https:\/\/www.intelway.lv\/de\/privacy-policy-2\/","title":{"rendered":"Datenschutzbestimmungen"},"content":{"rendered":"<p>Datenschutzbestimmungen<\/p>\n\n\n\n<p>Zuletzt aktualisiert: Juni 11, 2024<\/p>\n\n\n\n<p>Diese Datenschutzrichtlinie beschreibt unsere Richtlinien und Verfahren f\u00fcr die Erfassung, Verwendung und Offenlegung Ihrer Daten, wenn Sie den Dienst nutzen, und informiert Sie \u00fcber Ihre Datenschutzrechte und dar\u00fcber, wie das Gesetz Sie sch\u00fctzt.<\/p>\n\n\n\n<p>Wir verwenden Ihre pers\u00f6nlichen Daten zur Bereitstellung und Verbesserung des Dienstes. Durch die Nutzung des Dienstes erkl\u00e4ren Sie sich mit der Erfassung und Nutzung von Informationen in \u00dcbereinstimmung mit dieser Datenschutzrichtlinie einverstanden.<\/p>\n\n\n\n<p><\/p>\n\n\n\n<h2 class=\"wp-block-heading\">Auslegung und Definitionen<\/h2>\n\n\n\n<p><\/p>\n\n\n\n<h3 class=\"wp-block-heading\">Auslegung<\/h3>\n\n\n\n<p>Die W\u00f6rter, deren Anfangsbuchstaben gro\u00df geschrieben sind, haben die unter den nachstehenden Bedingungen definierte Bedeutung. Die folgenden Definitionen haben dieselbe Bedeutung, unabh\u00e4ngig davon, ob sie im Singular oder im Plural stehen.<\/p>\n\n\n\n<h3 class=\"wp-block-heading\">Definitionen<\/h3>\n\n\n\n<p>F\u00fcr die Zwecke dieser Datenschutzrichtlinie:<\/p>\n\n\n\n<p><strong>Konto<\/strong> bedeutet ein einzigartiges Konto, das f\u00fcr Sie erstellt wurde, um auf unseren Service oder Teile davon zuzugreifen.<\/p>\n\n\n\n<p><strong>Tochtergesellschaft<\/strong> bedeutet ein Unternehmen, das eine Partei beherrscht, von ihr beherrscht wird oder mit ihr unter gemeinsamer Beherrschung steht, wobei \"Beherrschung\" den Besitz von 50% oder mehr der Aktien, Kapitalanteile oder anderen Wertpapiere bedeutet, die zur Wahl von Direktoren oder anderen leitenden Angestellten berechtigt sind.<\/p>\n\n\n\n<p><strong>Unternehmen<\/strong> (in diesem Vertrag entweder als \"das Unternehmen\", \"wir\", \"uns\" oder \"unser\" bezeichnet) bezieht sich auf INTELWAY LOGISTIC, Bie\u0137ensalas iela 21, R\u012bga, LV-1004.<\/p>\n\n\n\n<p><strong>Cookies<\/strong> sind kleine Dateien, die von einer Website auf Ihrem Computer, Ihrem Mobilger\u00e4t oder einem anderen Ger\u00e4t gespeichert werden und unter anderem die Details Ihres Surfverhaltens auf dieser Website enthalten.<\/p>\n\n\n\n<p><strong>Land<\/strong> bezieht sich auf: Lettland<\/p>\n\n\n\n<p><strong>Ger\u00e4t<\/strong> ist jedes Ger\u00e4t, das auf den Dienst zugreifen kann, wie z. B. ein Computer, ein Mobiltelefon oder ein digitales Tablet.<\/p>\n\n\n\n<p><strong>Pers\u00f6nliche Daten<\/strong> ist jede Information, die sich auf eine identifizierte oder identifizierbare Person bezieht.<\/p>\n\n\n\n<p><strong>Dienst<\/strong> bezieht sich auf die Website.<\/p>\n\n\n\n<p><strong>Dienstanbieter<\/strong> bezeichnet jede nat\u00fcrliche oder juristische Person, die die Daten im Auftrag des Unternehmens verarbeitet. Der Begriff bezieht sich auf Drittunternehmen oder Einzelpersonen, die vom Unternehmen besch\u00e4ftigt werden, um den Dienst zu erleichtern, den Dienst im Namen des Unternehmens bereitzustellen, Dienstleistungen im Zusammenhang mit dem Dienst zu erbringen oder das Unternehmen bei der Analyse der Nutzung des Dienstes zu unterst\u00fctzen.<\/p>\n\n\n\n<p><strong>Verwendungsdaten<\/strong> bezieht sich auf automatisch erfasste Daten, die entweder durch die Nutzung des Dienstes oder durch die Infrastruktur des Dienstes selbst erzeugt werden (z. B. die Dauer eines Seitenbesuchs).<\/p>\n\n\n\n<p><strong>Website<\/strong> bezieht sich auf INTELWAY LOGISTIC, erreichbar \u00fcber <a href=\"\/de\/www.intelway.lv\/\">www.intelway.lv<\/a><\/p>\n\n\n\n<p><strong>Sie<\/strong> bezeichnet die Person, die auf den Dienst zugreift oder ihn nutzt, bzw. das Unternehmen oder eine andere juristische Person, in deren Namen eine solche Person auf den Dienst zugreift oder ihn nutzt, je nach Fall.<\/p>\n\n\n\n<h2 class=\"wp-block-heading\">Erfassung und Verwendung Ihrer pers\u00f6nlichen Daten<\/h2>\n\n\n\n<h3 class=\"wp-block-heading\">Arten von gesammelten Daten<\/h3>\n\n\n\n<h4 class=\"wp-block-heading\">Pers\u00f6nliche Daten<\/h4>\n\n\n\n<p>W\u00e4hrend der Nutzung unseres Dienstes k\u00f6nnen wir Sie bitten, uns bestimmte personenbezogene Daten mitzuteilen, die dazu verwendet werden k\u00f6nnen, Sie zu kontaktieren oder zu identifizieren. Pers\u00f6nlich identifizierbare Informationen k\u00f6nnen unter anderem sein:<\/p>\n\n\n\n<p>E-Mail Adresse<\/p>\n\n\n\n<p>Vorname und Nachname<\/p>\n\n\n\n<p>Rufnummer<\/p>\n\n\n\n<p>Verwendungsdaten<\/p>\n\n\n\n<h4 class=\"wp-block-heading\">Verwendungsdaten<\/h4>\n\n\n\n<p>Nutzungsdaten werden bei der Nutzung des Dienstes automatisch erfasst.<\/p>\n\n\n\n<p>Zu den Nutzungsdaten k\u00f6nnen Informationen wie die Internetprotokolladresse Ihres Ger\u00e4ts (z. B. IP-Adresse), der Browsertyp, die Browserversion, die von Ihnen besuchten Seiten unseres Dienstes, die Uhrzeit und das Datum Ihres Besuchs, die auf diesen Seiten verbrachte Zeit, eindeutige Ger\u00e4tekennungen und andere Diagnosedaten geh\u00f6ren.<\/p>\n\n\n\n<p>Wenn Sie mit oder \u00fcber ein mobiles Ger\u00e4t auf den Dienst zugreifen, k\u00f6nnen wir bestimmte Informationen automatisch erfassen, einschlie\u00dflich, aber nicht beschr\u00e4nkt auf die Art des von Ihnen verwendeten mobilen Ger\u00e4ts, die eindeutige ID Ihres mobilen Ger\u00e4ts, die IP-Adresse Ihres mobilen Ger\u00e4ts, Ihr mobiles Betriebssystem, die Art des von Ihnen verwendeten mobilen Internetbrowsers, eindeutige Ger\u00e4tekennungen und andere Diagnosedaten.<\/p>\n\n\n\n<p>Wir k\u00f6nnen auch Informationen erfassen, die Ihr Browser sendet, wenn Sie unseren Dienst besuchen oder wenn Sie \u00fcber ein mobiles Ger\u00e4t auf den Dienst zugreifen.<\/p>\n\n\n\n<h4 class=\"wp-block-heading\">Tracking-Technologien und Cookies<\/h4>\n\n\n\n<p>Wir verwenden Cookies und \u00e4hnliche Tracking-Technologien, um die Aktivit\u00e4ten auf Unserem Dienst zu verfolgen und bestimmte Informationen zu speichern. Bei den verwendeten Tracking-Technologien handelt es sich um Beacons, Tags und Skripte zur Erfassung und Verfolgung von Informationen sowie zur Verbesserung und Analyse Unseres Dienstes. Zu den von uns verwendeten Technologien k\u00f6nnen geh\u00f6ren:<\/p>\n\n\n\n<ul class=\"wp-block-list\">\n<li><strong>Cookies oder Browser-Cookies.<\/strong> Ein Cookie ist eine kleine Datei, die auf Ihrem Ger\u00e4t abgelegt wird. Sie k\u00f6nnen Ihren Browser anweisen, alle Cookies abzulehnen oder anzuzeigen, wenn ein Cookie gesendet wird. Wenn Sie jedoch keine Cookies akzeptieren, k\u00f6nnen Sie m\u00f6glicherweise einige Teile unseres Dienstes nicht nutzen. Sofern Sie Ihren Browser nicht so eingestellt haben, dass er Cookies ablehnt, kann unser Dienst Cookies verwenden.<\/li>\n\n\n\n<li><strong>Web Beacons.<\/strong> Bestimmte Bereiche unseres Dienstes und unserer E-Mails k\u00f6nnen kleine elektronische Dateien enthalten, die als Web Beacons (auch als Clear Gifs, Pixel Tags und Single-Pixel Gifs bezeichnet) bekannt sind und es dem Unternehmen beispielsweise erm\u00f6glichen, die Nutzer zu z\u00e4hlen, die diese Seiten besucht oder eine E-Mail ge\u00f6ffnet haben, sowie andere damit verbundene Website-Statistiken zu erstellen (z. B. die Aufzeichnung der Beliebtheit eines bestimmten Bereichs und die \u00dcberpr\u00fcfung der System- und Serverintegrit\u00e4t).<\/li>\n<\/ul>\n\n\n\n<p>Cookies k\u00f6nnen \"dauerhafte\" oder \"Sitzungs\"-Cookies sein. Dauerhafte Cookies bleiben auf Ihrem Computer oder Mobilger\u00e4t, wenn Sie offline gehen, w\u00e4hrend Sitzungscookies gel\u00f6scht werden, sobald Sie Ihren Webbrowser schlie\u00dfen. Erfahren Sie mehr \u00fcber Cookies auf der <a href=\"https:\/\/www.freeprivacypolicy.com\/blog\/sample-privacy-policy-template\/#Use_Of_Cookies_And_Tracking\">Kostenlose Website zum Datenschutz<\/a> Artikel.<\/p>\n\n\n\n<p>Wir verwenden sowohl Sitzungscookies als auch dauerhafte Cookies f\u00fcr die unten genannten Zwecke:<\/p>\n\n\n\n<p><strong>Notwendige \/ essentielle Cookies<\/strong><\/p>\n\n\n\n<p>Typ: Session-Cookies<\/p>\n\n\n\n<p>Verwaltet von: Us<\/p>\n\n\n\n<p>Zweck: Diese Cookies sind unerl\u00e4sslich, um Ihnen die \u00fcber die Website verf\u00fcgbaren Dienste zur Verf\u00fcgung zu stellen und Ihnen die Nutzung einiger ihrer Funktionen zu erm\u00f6glichen. Sie helfen bei der Authentifizierung von Benutzern und verhindern die betr\u00fcgerische Nutzung von Benutzerkonten. Ohne diese Cookies k\u00f6nnen die von Ihnen angeforderten Dienste nicht bereitgestellt werden, und wir verwenden diese Cookies nur, um Ihnen diese Dienste zur Verf\u00fcgung zu stellen.<\/p>\n\n\n\n<p><strong>Cookies Politik \/ Hinweis Akzeptanz Cookies<\/strong><\/p>\n\n\n\n<p>Typ: Dauerhafte Cookies<\/p>\n\n\n\n<p>Verwaltet von: Us<\/p>\n\n\n\n<p>Zweck: Diese Cookies identifizieren, ob die Nutzer die Verwendung von Cookies auf der Website akzeptiert haben.<\/p>\n\n\n\n<p><strong>Funktionalit\u00e4t Cookies<\/strong><\/p>\n\n\n\n<p>Typ: Dauerhafte Cookies<\/p>\n\n\n\n<p>Verwaltet von: Us<\/p>\n\n\n\n<p>Zweck: Diese Cookies erm\u00f6glichen es uns, die von Ihnen bei der Nutzung der Website getroffenen Entscheidungen zu speichern, z. B. Ihre Anmeldedaten oder die von Ihnen bevorzugte Sprache. Der Zweck dieser Cookies ist es, Ihnen eine pers\u00f6nlichere Erfahrung zu bieten und zu vermeiden, dass Sie Ihre Einstellungen jedes Mal neu eingeben m\u00fcssen, wenn Sie die Website nutzen.<\/p>\n\n\n\n<p>Weitere Informationen \u00fcber die von uns verwendeten Cookies und Ihre Wahlm\u00f6glichkeiten in Bezug auf Cookies finden Sie in unserer Cookie-Richtlinie oder im Abschnitt Cookies unserer Datenschutzrichtlinie.<\/p>\n\n\n\n<h3 class=\"wp-block-heading\">Verwendung Ihrer pers\u00f6nlichen Daten<\/h3>\n\n\n\n<p>Das Unternehmen kann personenbezogene Daten f\u00fcr die folgenden Zwecke verwenden:<\/p>\n\n\n\n<p><strong>Zur Bereitstellung und Aufrechterhaltung unseres Dienstes<\/strong>, einschlie\u00dflich der \u00dcberwachung der Nutzung unseres Dienstes.<\/p>\n\n\n\n<p><strong>Um Ihr Konto zu verwalten:<\/strong> um Ihre Registrierung als Nutzer des Dienstes zu verwalten. Die von Ihnen bereitgestellten personenbezogenen Daten k\u00f6nnen Ihnen Zugang zu verschiedenen Funktionen des Dienstes geben, die Ihnen als registriertem Nutzer zur Verf\u00fcgung stehen.<\/p>\n\n\n\n<p><strong>F\u00fcr die Erf\u00fcllung eines Vertrages:<\/strong> die Entwicklung, Einhaltung und Durchf\u00fchrung des Kaufvertrags f\u00fcr die Produkte, Artikel oder Dienstleistungen, die Sie gekauft haben, oder eines anderen Vertrags mit uns \u00fcber den Dienst.<\/p>\n\n\n\n<p><strong>Sie zu kontaktieren:<\/strong> Sie per E-Mail, Telefonanrufe, SMS oder andere gleichwertige Formen der elektronischen Kommunikation zu kontaktieren, wie z. B. Push-Benachrichtigungen einer mobilen Anwendung in Bezug auf Aktualisierungen oder informative Mitteilungen im Zusammenhang mit den Funktionen, Produkten oder vertraglich vereinbarten Diensten, einschlie\u00dflich der Sicherheitsaktualisierungen, wenn dies f\u00fcr ihre Durchf\u00fchrung notwendig oder angemessen ist.<\/p>\n\n\n\n<p><strong>F\u00fcr Sie<\/strong> mit Nachrichten, Sonderangeboten und allgemeinen Informationen \u00fcber andere Waren, Dienstleistungen und Veranstaltungen, die wir anbieten und die denen \u00e4hnlich sind, die Sie bereits gekauft oder angefragt haben, es sei denn, Sie haben sich gegen den Erhalt solcher Informationen entschieden.<\/p>\n\n\n\n<p><strong>Um Ihre Anfragen zu verwalten:<\/strong> Um Ihre Anfragen an uns zu bearbeiten und zu verwalten.<\/p>\n\n\n\n<p><strong>F\u00fcr Unternehmens\u00fcbertragungen:<\/strong> Wir k\u00f6nnen Ihre Informationen verwenden, um eine Fusion, Ver\u00e4u\u00dferung, Umstrukturierung, Reorganisation, Aufl\u00f6sung oder einen anderen Verkauf oder eine \u00dcbertragung einiger oder aller unserer Verm\u00f6genswerte zu bewerten oder durchzuf\u00fchren, sei es als laufendes Unternehmen oder als Teil eines Konkurses, einer Liquidation oder eines \u00e4hnlichen Verfahrens, bei dem pers\u00f6nliche Daten, die wir \u00fcber unsere Dienstnutzer besitzen, zu den \u00fcbertragenen Verm\u00f6genswerten geh\u00f6ren.<\/p>\n\n\n\n<p><strong>F\u00fcr andere Zwecke<\/strong>: Wir k\u00f6nnen Ihre Daten f\u00fcr andere Zwecke verwenden, wie z.B. zur Datenanalyse, zur Ermittlung von Nutzungstrends, zur Bestimmung der Wirksamkeit unserer Werbekampagnen und zur Bewertung und Verbesserung unseres Dienstes, unserer Produkte, Dienstleistungen, unseres Marketings und Ihrer Erfahrungen.<\/p>\n\n\n\n<p>Wir k\u00f6nnen Ihre personenbezogenen Daten in den folgenden Situationen weitergeben:<\/p>\n\n\n\n<ul class=\"wp-block-list\">\n<li><strong>Mit Dienstleistern:<\/strong> Wir k\u00f6nnen Ihre pers\u00f6nlichen Daten an Dienstanbieter weitergeben, um die Nutzung unseres Dienstes zu \u00fcberwachen und zu analysieren und um Sie zu kontaktieren.<\/li>\n\n\n\n<li><strong>F\u00fcr Unternehmens\u00fcbertragungen:<\/strong> Wir k\u00f6nnen Ihre pers\u00f6nlichen Daten in Verbindung mit oder w\u00e4hrend der Verhandlungen \u00fcber eine Fusion, den Verkauf von Unternehmensverm\u00f6gen, eine Finanzierung oder die \u00dcbernahme unseres gesamten oder eines Teils unseres Unternehmens durch ein anderes Unternehmen weitergeben oder \u00fcbertragen.<\/li>\n\n\n\n<li><strong>Mit verbundenen Unternehmen:<\/strong> Wir k\u00f6nnen Ihre Daten an unsere Tochtergesellschaften weitergeben; in diesem Fall verpflichten wir diese Tochtergesellschaften, diese Datenschutzrichtlinie einzuhalten. Zu den verbundenen Unternehmen geh\u00f6ren unsere Muttergesellschaft und alle anderen Tochtergesellschaften, Joint-Venture-Partner oder andere Unternehmen, die wir kontrollieren oder die unter gemeinsamer Kontrolle mit uns stehen.<\/li>\n\n\n\n<li><strong>Mit Gesch\u00e4ftspartnern:<\/strong> Wir k\u00f6nnen Ihre Informationen an unsere Gesch\u00e4ftspartner weitergeben, um Ihnen bestimmte Produkte, Dienstleistungen oder Werbeaktionen anzubieten.<\/li>\n\n\n\n<li><strong>Mit anderen Benutzern:<\/strong> Wenn Sie pers\u00f6nliche Informationen weitergeben oder auf andere Weise in den \u00f6ffentlichen Bereichen mit anderen Nutzern interagieren, k\u00f6nnen diese Informationen von allen Nutzern eingesehen und \u00f6ffentlich nach au\u00dfen verbreitet werden.<\/li>\n\n\n\n<li><strong>Mit Ihrer Zustimmung<\/strong>: Wir k\u00f6nnen Ihre pers\u00f6nlichen Daten mit Ihrer Zustimmung f\u00fcr jeden anderen Zweck weitergeben.<\/li>\n<\/ul>\n\n\n\n<h3 class=\"wp-block-heading\">Aufbewahrung Ihrer pers\u00f6nlichen Daten<\/h3>\n\n\n\n<p>Das Unternehmen wird Ihre pers\u00f6nlichen Daten nur so lange aufbewahren, wie es f\u00fcr die in dieser Datenschutzrichtlinie genannten Zwecke erforderlich ist. Wir werden Ihre personenbezogenen Daten in dem Umfang aufbewahren und verwenden, der erforderlich ist, um unseren rechtlichen Verpflichtungen nachzukommen (z. B. wenn wir Ihre Daten aufbewahren m\u00fcssen, um geltende Gesetze einzuhalten), Streitigkeiten beizulegen und unsere rechtlichen Vereinbarungen und Richtlinien durchzusetzen.<\/p>\n\n\n\n<p>Das Unternehmen speichert die Nutzungsdaten auch f\u00fcr interne Analysezwecke. Nutzungsdaten werden im Allgemeinen f\u00fcr einen k\u00fcrzeren Zeitraum aufbewahrt, es sei denn, diese Daten werden verwendet, um die Sicherheit oder die Funktionalit\u00e4t unseres Dienstes zu verbessern, oder wir sind gesetzlich verpflichtet, diese Daten f\u00fcr l\u00e4ngere Zeitr\u00e4ume aufzubewahren.<\/p>\n\n\n\n<h3 class=\"wp-block-heading\">\u00dcbermittlung Ihrer pers\u00f6nlichen Daten<\/h3>\n\n\n\n<p>Ihre Informationen, einschlie\u00dflich personenbezogener Daten, werden in den Betriebsb\u00fcros des Unternehmens und an anderen Orten verarbeitet, an denen sich die an der Verarbeitung beteiligten Parteien befinden. Das bedeutet, dass diese Informationen an Computer au\u00dferhalb Ihres Staates, Ihrer Provinz, Ihres Landes oder einer anderen staatlichen Gerichtsbarkeit, in der andere Datenschutzgesetze als in Ihrer Gerichtsbarkeit gelten, \u00fcbertragen und dort gespeichert werden k\u00f6nnen.<\/p>\n\n\n\n<p>Mit Ihrer Zustimmung zu dieser Datenschutzrichtlinie und der anschlie\u00dfenden \u00dcbermittlung solcher Informationen erkl\u00e4ren Sie sich mit dieser \u00dcbertragung einverstanden.<\/p>\n\n\n\n<p>Das Unternehmen wird alle angemessenen Schritte unternehmen, um sicherzustellen, dass Ihre Daten sicher und in \u00dcbereinstimmung mit dieser Datenschutzrichtlinie behandelt werden, und es wird keine \u00dcbermittlung Ihrer pers\u00f6nlichen Daten an eine Organisation oder ein Land stattfinden, wenn nicht angemessene Kontrollen vorhanden sind, die die Sicherheit Ihrer Daten und anderer pers\u00f6nlicher Informationen einschlie\u00dfen.<\/p>\n\n\n\n<h3 class=\"wp-block-heading\">L\u00f6schen Sie Ihre pers\u00f6nlichen Daten<\/h3>\n\n\n\n<p>Sie haben das Recht, die pers\u00f6nlichen Daten, die wir \u00fcber Sie gesammelt haben, zu l\u00f6schen oder von uns Unterst\u00fctzung bei der L\u00f6schung zu verlangen.<\/p>\n\n\n\n<p>Unser Service kann Ihnen die M\u00f6glichkeit geben, bestimmte Informationen \u00fcber Sie innerhalb des Service zu l\u00f6schen.<\/p>\n\n\n\n<p>Sie k\u00f6nnen Ihre Daten jederzeit aktualisieren, \u00e4ndern oder l\u00f6schen, indem Sie sich bei Ihrem Konto anmelden, falls Sie eines haben, und den Abschnitt mit den Kontoeinstellungen aufrufen, in dem Sie Ihre pers\u00f6nlichen Daten verwalten k\u00f6nnen. Sie k\u00f6nnen sich auch mit uns in Verbindung setzen, um Zugang zu den von Ihnen zur Verf\u00fcgung gestellten personenbezogenen Daten zu erhalten, diese zu korrigieren oder zu l\u00f6schen.<\/p>\n\n\n\n<p>Bitte beachten Sie jedoch, dass wir bestimmte Informationen aufbewahren m\u00fcssen, wenn wir dazu gesetzlich verpflichtet sind oder eine gesetzliche Grundlage daf\u00fcr haben.<\/p>\n\n\n\n<h3 class=\"wp-block-heading\">Offenlegung Ihrer pers\u00f6nlichen Daten<\/h3>\n\n\n\n<h4 class=\"wp-block-heading\">Gesch\u00e4ftsvorf\u00e4lle<\/h4>\n\n\n\n<p>Wenn das Unternehmen an einer Fusion, einer \u00dcbernahme oder einem Verkauf von Verm\u00f6genswerten beteiligt ist, k\u00f6nnen Ihre pers\u00f6nlichen Daten \u00fcbertragen werden. Wir werden Sie dar\u00fcber informieren, bevor Ihre pers\u00f6nlichen Daten \u00fcbertragen werden und einer anderen Datenschutzrichtlinie unterliegen.<\/p>\n\n\n\n<h4 class=\"wp-block-heading\">Strafverfolgung<\/h4>\n\n\n\n<p>Unter bestimmten Umst\u00e4nden kann das Unternehmen verpflichtet sein, Ihre pers\u00f6nlichen Daten offen zu legen, wenn dies gesetzlich vorgeschrieben ist oder als Reaktion auf berechtigte Anfragen von Beh\u00f6rden (z. B. einem Gericht oder einer Regierungsbeh\u00f6rde).<\/p>\n\n\n\n<h4 class=\"wp-block-heading\">Sonstige rechtliche Anforderungen<\/h4>\n\n\n\n<p>Das Unternehmen kann Ihre pers\u00f6nlichen Daten in gutem Glauben offenlegen, dass eine solche Ma\u00dfnahme notwendig ist, um:<\/p>\n\n\n\n<ul class=\"wp-block-list\">\n<li>einer gesetzlichen Verpflichtung nachkommen<\/li>\n\n\n\n<li>Schutz und Verteidigung der Rechte und des Eigentums des Unternehmens<\/li>\n\n\n\n<li>Verhinderung oder Untersuchung von m\u00f6glichem Fehlverhalten im Zusammenhang mit dem Dienst<\/li>\n\n\n\n<li>die pers\u00f6nliche Sicherheit der Nutzer des Dienstes oder der \u00d6ffentlichkeit zu sch\u00fctzen<\/li>\n\n\n\n<li>Schutz vor rechtlicher Haftung<\/li>\n<\/ul>\n\n\n\n<h3 class=\"wp-block-heading\">Sicherheit Ihrer pers\u00f6nlichen Daten<\/h3>\n\n\n\n<p>Die Sicherheit Ihrer pers\u00f6nlichen Daten ist uns wichtig, aber denken Sie daran, dass keine Methode der \u00dcbertragung \u00fcber das Internet oder der elektronischen Speicherung 100% sicher ist. Wir bem\u00fchen uns zwar, Ihre pers\u00f6nlichen Daten mit kommerziell akzeptablen Mitteln zu sch\u00fctzen, k\u00f6nnen aber keine absolute Sicherheit garantieren.<\/p>\n\n\n\n<h2 class=\"wp-block-heading\">Datenschutz f\u00fcr Kinder<\/h2>\n\n\n\n<p>Unser Service richtet sich nicht an Personen unter 13 Jahren. Wir sammeln nicht wissentlich personenbezogene Daten von Personen unter 13 Jahren. Wenn Sie ein Elternteil oder Erziehungsberechtigter sind und wissen, dass Ihr Kind uns personenbezogene Daten zur Verf\u00fcgung gestellt hat, kontaktieren Sie uns bitte. Wenn wir erfahren, dass wir personenbezogene Daten von Personen unter 13 Jahren ohne \u00dcberpr\u00fcfung der elterlichen Zustimmung erfasst haben, ergreifen wir Ma\u00dfnahmen, um diese Informationen von unseren Servern zu entfernen.<\/p>\n\n\n\n<p>Wenn wir uns auf die Zustimmung als Rechtsgrundlage f\u00fcr die Verarbeitung Ihrer Daten st\u00fctzen m\u00fcssen und Ihr Land die Zustimmung eines Elternteils erfordert, k\u00f6nnen wir die Zustimmung Ihres Elternteils verlangen, bevor wir diese Daten sammeln und verwenden.<\/p>\n\n\n\n<p><\/p>\n\n\n\n<h2 class=\"wp-block-heading\">Links zu anderen Websites<\/h2>\n\n\n\n<p>Unser Service kann Links zu anderen Websites enthalten, die nicht von uns betrieben werden. Wenn Sie auf einen Link einer dritten Partei klicken, werden Sie auf die Seite dieser dritten Partei weitergeleitet. Wir empfehlen Ihnen dringend, die Datenschutzrichtlinien jeder Website, die Sie besuchen, zu lesen.<\/p>\n\n\n\n<p>Wir haben keine Kontrolle \u00fcber und \u00fcbernehmen keine Verantwortung f\u00fcr den Inhalt, die Datenschutzrichtlinien oder Praktiken von Websites oder Diensten Dritter.<\/p>\n\n\n\n<p><\/p>\n\n\n\n<h2 class=\"wp-block-heading\">\u00c4nderungen an dieser Datenschutzrichtlinie<\/h2>\n\n\n\n<p>Wir k\u00f6nnen unsere Datenschutzrichtlinie von Zeit zu Zeit aktualisieren. Wir werden Sie \u00fcber alle \u00c4nderungen informieren, indem wir die neue Datenschutzrichtlinie auf dieser Seite ver\u00f6ffentlichen.<\/p>\n\n\n\n<p>Wir werden Sie per E-Mail und\/oder durch einen auff\u00e4lligen Hinweis in unserem Service informieren, bevor die \u00c4nderung in Kraft tritt, und das Datum der letzten Aktualisierung\" oben in dieser Datenschutzrichtlinie aktualisieren.<\/p>\n\n\n\n<p>Wir empfehlen Ihnen, diese Datenschutzrichtlinie regelm\u00e4\u00dfig auf \u00c4nderungen zu \u00fcberpr\u00fcfen. \u00c4nderungen an dieser Datenschutzrichtlinie werden wirksam, wenn sie auf dieser Seite ver\u00f6ffentlicht werden.<\/p>\n\n\n\n<p><\/p>\n\n\n\n<h2 class=\"wp-block-heading\">Kontakt<\/h2>\n\n\n\n<p>Wenn Sie Fragen zu dieser Datenschutzrichtlinie haben, k\u00f6nnen Sie uns kontaktieren:<\/p>\n\n\n\n<p>Per E-Mail: sales@intelway.lv<\/p>\n\n\n\n<p>Durch den Besuch dieser Seite auf unserer Website: <a href=\"\/de\/www.intelway.lv\/\">www.intelway.lv<\/a> Per Post: Bie\u0137ensalas iela 21, R\u012bga<\/p>","protected":false},"excerpt":{"rendered":"<p>Privacy Policy Last updated: June 11, 2024 This Privacy Policy describes Our policies and procedures on the collection, use and disclosure of Your information when You use the Service and tells You about Your privacy rights and how the law protects You. We use Your Personal data to provide and improve the Service. By using [&hellip;]<\/p>\n","protected":false},"author":1,"featured_media":0,"parent":0,"menu_order":0,"comment_status":"closed","ping_status":"open","template":"","meta":{"inline_featured_image":false,"_sitemap_exclude":false,"_sitemap_priority":"","_sitemap_frequency":"","footnotes":""},"class_list":["post-3","page","type-page","status-publish","hentry"],"_links":{"self":[{"href":"https:\/\/www.intelway.lv\/de\/wp-json\/wp\/v2\/pages\/3","targetHints":{"allow":["GET"]}}],"collection":[{"href":"https:\/\/www.intelway.lv\/de\/wp-json\/wp\/v2\/pages"}],"about":[{"href":"https:\/\/www.intelway.lv\/de\/wp-json\/wp\/v2\/types\/page"}],"author":[{"embeddable":true,"href":"https:\/\/www.intelway.lv\/de\/wp-json\/wp\/v2\/users\/1"}],"replies":[{"embeddable":true,"href":"https:\/\/www.intelway.lv\/de\/wp-json\/wp\/v2\/comments?post=3"}],"version-history":[{"count":0,"href":"https:\/\/www.intelway.lv\/de\/wp-json\/wp\/v2\/pages\/3\/revisions"}],"wp:attachment":[{"href":"https:\/\/www.intelway.lv\/de\/wp-json\/wp\/v2\/media?parent=3"}],"curies":[{"name":"wp","href":"https:\/\/api.w.org\/{rel}","templated":true}]}}