{"id":3,"date":"2024-03-22T06:58:58","date_gmt":"2024-03-22T06:58:58","guid":{"rendered":"https:\/\/intelway.lv\/?page_id=3"},"modified":"2024-06-11T13:26:40","modified_gmt":"2024-06-11T13:26:40","slug":"privatuma-politika-2","status":"publish","type":"page","link":"https:\/\/www.intelway.lv\/lv\/privacy-policy-2\/","title":{"rendered":"Konfidencialit\u0101tes politika"},"content":{"rendered":"<p>Konfidencialit\u0101tes politika<\/p>\n\n\n\n<p>P\u0113d\u0113jo reizi atjaunin\u0101ts: gada 11. j\u016bnijs 2024<\/p>\n\n\n\n<p>\u0160aj\u0101 konfidencialit\u0101tes politik\u0101 ir aprakst\u012btas M\u016bsu politikas un proced\u016bras attiec\u012bb\u0101 uz J\u016bsu inform\u0101cijas v\u0101k\u0161anu, izmanto\u0161anu un izpau\u0161anu, kad J\u016bs izmantojat Pakalpojumu, k\u0101 ar\u012b J\u016bs varat uzzin\u0101t par J\u016bsu ties\u012bb\u0101m uz konfidencialit\u0101ti un to, k\u0101 J\u016bs aizsarg\u0101 likums.<\/p>\n\n\n\n<p>M\u0113s izmantojam J\u016bsu Personas datus, lai sniegtu un uzlabotu Pakalpojumu. Izmantojot Pakalpojumu, J\u016bs piekr\u012btat inform\u0101cijas v\u0101k\u0161anai un izmanto\u0161anai saska\u0146\u0101 ar \u0161o konfidencialit\u0101tes politiku.<\/p>\n\n\n\n<p><\/p>\n\n\n\n<h2 class=\"wp-block-heading\">Interpret\u0101cija un defin\u012bcijas<\/h2>\n\n\n\n<p><\/p>\n\n\n\n<h3 class=\"wp-block-heading\">Tulko\u0161ana<\/h3>\n\n\n\n<p>V\u0101rdiem, kuru s\u0101kuma burts ir rakst\u012bts ar lielo s\u0101kumburtu, ir noz\u012bmes, kas defin\u0113tas \u0161\u0101dos apst\u0101k\u013cos. \u0160\u012bm defin\u012bcij\u0101m ir vien\u0101da noz\u012bme neatkar\u012bgi no t\u0101, vai t\u0101s ir vienskaitl\u012b vai daudzskaitl\u012b.<\/p>\n\n\n\n<h3 class=\"wp-block-heading\">Defin\u012bcijas<\/h3>\n\n\n\n<p>\u0160aj\u0101 konfidencialit\u0101tes politik\u0101:<\/p>\n\n\n\n<p><strong>Konts<\/strong> ir unik\u0101ls konts, kas Jums izveidots, lai piek\u013c\u016btu m\u016bsu Pakalpojumam vai t\u0101 da\u013c\u0101m.<\/p>\n\n\n\n<p><strong>Fili\u0101le<\/strong> ir vien\u012bba, kas kontrol\u0113, kuru kontrol\u0113 vai kura atrodas kop\u012bg\u0101 kontrol\u0113 ar k\u0101du pusi, kur \"kontrole\" noz\u012bm\u0113 \u012bpa\u0161umties\u012bbas uz 50% vai vair\u0101k akcij\u0101m, kapit\u0101la da\u013c\u0101m vai citiem v\u0113rtspap\u012briem, kas dod ties\u012bbas balsot par direktoru iev\u0113l\u0113\u0161anu vai citu vad\u012bbas pilnvaru pie\u0161\u0137ir\u0161anu.<\/p>\n\n\n\n<p><strong>Uz\u0146\u0113mums<\/strong> (\u0161aj\u0101 L\u012bgum\u0101 saukts \"Uz\u0146\u0113mums\", \"M\u0113s\", \"M\u0113s\" vai \"M\u016bsu\") ir INTELWAY LOGISTIC, Bie\u0137ensalas iela 21, R\u012bga, LV-1004.<\/p>\n\n\n\n<p><strong>S\u012bkfaili<\/strong> ir nelieli faili, kurus t\u012bmek\u013ca vietne ievieto J\u016bsu dator\u0101, mobilaj\u0101 ier\u012bc\u0113 vai jebkur\u0101 cit\u0101 ier\u012bc\u0113, un kuros cita starp\u0101 ir inform\u0101cija par J\u016bsu p\u0101rl\u016bko\u0161anas v\u0113sturi \u0161aj\u0101 t\u012bmek\u013ca vietn\u0113.<\/p>\n\n\n\n<p><strong>Valsts<\/strong> attiecas uz: Latvija<\/p>\n\n\n\n<p><strong>Ier\u012bce<\/strong> ir jebkura ier\u012bce, kas var piek\u013c\u016bt Pakalpojumam, piem\u0113ram, dators, mobilais t\u0101lrunis vai digit\u0101l\u0101 plan\u0161etdators.<\/p>\n\n\n\n<p><strong>Personas dati<\/strong> ir jebkura inform\u0101cija, kas attiecas uz identific\u0113tu vai identific\u0113jamu personu.<\/p>\n\n\n\n<p><strong>Pakalpojums<\/strong> attiecas uz T\u012bmek\u013ca vietni.<\/p>\n\n\n\n<p><strong>Pakalpojumu sniedz\u0113js<\/strong> ir jebkura fiziska vai juridiska persona, kas apstr\u0101d\u0101 datus Sabiedr\u012bbas v\u0101rd\u0101. Tas attiecas uz tre\u0161o personu uz\u0146\u0113mumiem vai fizisk\u0101m person\u0101m, ko Sabiedr\u012bba nodarbina, lai veicin\u0101tu Pakalpojuma snieg\u0161anu, sniegtu Pakalpojumu Sabiedr\u012bbas v\u0101rd\u0101, sniegtu ar Pakalpojumu saist\u012btus pakalpojumus vai pal\u012bdz\u0113tu Sabiedr\u012bbai analiz\u0113t, k\u0101 tiek izmantots Pakalpojums.<\/p>\n\n\n\n<p><strong>Lieto\u0161anas dati<\/strong> attiecas uz autom\u0101tiski v\u0101ktiem datiem, kas ieg\u016bti, izmantojot Pakalpojumu, vai no pa\u0161as Pakalpojuma infrastrukt\u016bras (piem\u0113ram, lapas apmekl\u0113juma ilgums).<\/p>\n\n\n\n<p><strong>T\u012bmek\u013ca vietne<\/strong> attiecas uz INTELWAY LOGISTIC, kas pieejams no <a href=\"\/lv\/www.intelway.lv\/\">www.intelway.lv<\/a><\/p>\n\n\n\n<p><strong>J\u016bs<\/strong> ir fiziska persona, kas piek\u013c\u016bst Pakalpojumam vai izmanto to, vai uz\u0146\u0113mums, vai cita juridiska persona, kuras v\u0101rd\u0101 \u0161\u012b persona piek\u013c\u016bst Pakalpojumam vai izmanto to, atkar\u012bb\u0101 no situ\u0101cijas.<\/p>\n\n\n\n<h2 class=\"wp-block-heading\">J\u016bsu personas datu v\u0101k\u0161ana un izmanto\u0161ana<\/h2>\n\n\n\n<h3 class=\"wp-block-heading\">Apkopoto datu veidi<\/h3>\n\n\n\n<h4 class=\"wp-block-heading\">Personas dati<\/h4>\n\n\n\n<p>Izmantojot M\u016bsu Pakalpojumu, M\u0113s varam l\u016bgt J\u016bs sniegt Mums noteiktu personiski identific\u0113jamu inform\u0101ciju, ko var izmantot, lai sazin\u0101tos ar Jums vai identific\u0113tu J\u016bs. Personu identific\u0113jo\u0161\u0101 inform\u0101cija var ietvert, bet ne tikai:<\/p>\n\n\n\n<p>E-pasta adrese<\/p>\n\n\n\n<p>V\u0101rds un uzv\u0101rds<\/p>\n\n\n\n<p>T\u0101lru\u0146a numurs<\/p>\n\n\n\n<p>Lieto\u0161anas dati<\/p>\n\n\n\n<h4 class=\"wp-block-heading\">Lieto\u0161anas dati<\/h4>\n\n\n\n<p>Lieto\u0161anas dati tiek v\u0101kti autom\u0101tiski, izmantojot Pakalpojumu.<\/p>\n\n\n\n<p>Lieto\u0161anas dati var ietvert t\u0101du inform\u0101ciju k\u0101 J\u016bsu Ier\u012bces interneta protokola adrese (piem\u0113ram, IP adrese), p\u0101rl\u016bkprogrammas tips, p\u0101rl\u016bkprogrammas versija, m\u016bsu Pakalpojuma lapas, kuras J\u016bs apmekl\u0113jat, J\u016bsu apmekl\u0113juma laiks un datums, \u0161aj\u0101s lap\u0101s pavad\u012btais laiks, unik\u0101lie ier\u012bces identifikatori un citi diagnostikas dati.<\/p>\n\n\n\n<p>Kad J\u016bs piek\u013c\u016bstat Pakalpojumam, izmantojot mobilo ier\u012bci vai ar t\u0101s starpniec\u012bbu, M\u0113s varam autom\u0101tiski v\u0101kt noteiktu inform\u0101ciju, tostarp, bet ne tikai, J\u016bsu izmantot\u0101s mobil\u0101s ier\u012bces veidu, J\u016bsu mobil\u0101s ier\u012bces unik\u0101lo ID, J\u016bsu mobil\u0101s ier\u012bces IP adresi, J\u016bsu mobilo oper\u0113t\u0101jsist\u0113mu, J\u016bsu izmantot\u0101s mobil\u0101s interneta p\u0101rl\u016bkprogrammas veidu, unik\u0101los ier\u012bces identifikatorus un citus diagnostikas datus.<\/p>\n\n\n\n<p>M\u0113s varam ar\u012b v\u0101kt inform\u0101ciju, ko J\u016bsu p\u0101rl\u016bkprogramma nos\u016bta, kad J\u016bs apmekl\u0113jat m\u016bsu Pakalpojumu vai kad J\u016bs piek\u013c\u016bstat Pakalpojumam, izmantojot mobilo ier\u012bci.<\/p>\n\n\n\n<h4 class=\"wp-block-heading\">Izseko\u0161anas tehnolo\u0123ijas un s\u012bkfaili<\/h4>\n\n\n\n<p>M\u0113s izmantojam S\u012bkfailus un l\u012bdz\u012bgas izseko\u0161anas tehnolo\u0123ijas, lai izsekotu darb\u012bbu M\u016bsu Pakalpojum\u0101 un saglab\u0101tu noteiktu inform\u0101ciju. Izseko\u0161anas tehnolo\u0123ijas ir b\u0101kas, tagi un skripti, kas tiek izmantoti, lai apkopotu un izsekotu inform\u0101ciju un uzlabotu un analiz\u0113tu M\u016bsu Pakalpojumu. M\u016bsu izmantot\u0101s tehnolo\u0123ijas var ietvert:<\/p>\n\n\n\n<ul class=\"wp-block-list\">\n<li><strong>S\u012bkfaili vai p\u0101rl\u016bkprogrammas s\u012bkfaili.<\/strong> S\u012bkfails ir neliels fails, kas tiek ievietots J\u016bsu Ier\u012bc\u0113. J\u016bs varat uzdot p\u0101rl\u016bkprogrammai atteikt visas S\u012bkdatnes vai nor\u0101d\u012bt, kad tiek s\u016bt\u012bta S\u012bkdatne. Tom\u0113r, ja J\u016bs nepie\u0146emat S\u012bkdatnes, J\u016bs, iesp\u0113jams, nevar\u0113siet izmantot da\u017eas m\u016bsu Pakalpojuma da\u013cas. Ja vien J\u016bs neesat piel\u0101gojis p\u0101rl\u016bka iestat\u012bjumus t\u0101, lai tas atteiktu S\u012bkdatnes, m\u016bsu Pakalpojums var izmantot S\u012bkdatnes.<\/li>\n\n\n\n<li><strong>T\u012bmek\u013ca b\u0101kas.<\/strong> Atsevi\u0161\u0137\u0101s m\u016bsu Pakalpojuma sada\u013c\u0101s un e-pasta zi\u0146ojumos var b\u016bt ietverti mazi elektroniski faili, kas paz\u012bstami k\u0101 t\u012bmek\u013ca b\u0101ksign\u0101li (saukti ar\u012b par skaidrajiem s\u012bkfailiem, pikse\u013cu tagiem un viena pikse\u013ca s\u012bkfailiem), kas \u013cauj Sabiedr\u012bbai, piem\u0113ram, saskait\u012bt lietot\u0101jus, kuri ir apmekl\u0113ju\u0161i \u0161\u012bs lapas vai atv\u0113ru\u0161i e-pasta v\u0113stuli, un veikt citu saist\u012bto t\u012bmek\u013ca vietnes statistiku (piem\u0113ram, re\u0123istr\u0113t noteiktas sada\u013cas popularit\u0101ti un p\u0101rbaud\u012bt sist\u0113mas un servera integrit\u0101ti).<\/li>\n<\/ul>\n\n\n\n<p>S\u012bkfaili var b\u016bt \"Past\u0101v\u012bgie\" vai \"Sesijas\" s\u012bkfaili. Past\u0101v\u012bg\u0101s S\u012bkdatnes paliek J\u016bsu person\u0101laj\u0101 dator\u0101 vai mobilaj\u0101 ier\u012bc\u0113, kad J\u016bs p\u0101riet bezsaist\u0113, savuk\u0101rt sesijas S\u012bkdatnes tiek dz\u0113stas, tikl\u012bdz J\u016bs aizverat savu t\u012bmek\u013ca p\u0101rl\u016bkprogrammu. Uzziniet vair\u0101k par s\u012bkfailiem <a href=\"https:\/\/www.freeprivacypolicy.com\/blog\/sample-privacy-policy-template\/#Use_Of_Cookies_And_Tracking\">Bezmaksas priv\u0101tuma politikas t\u012bmek\u013ca vietne<\/a> raksts.<\/p>\n\n\n\n<p>M\u0113s izmantojam gan sesijas, gan past\u0101v\u012bg\u0101s s\u012bkdatnes turpm\u0101k izkl\u0101st\u012btajiem m\u0113r\u0137iem:<\/p>\n\n\n\n<p><strong>Nepiecie\u0161am\u0101s \/ b\u016btisk\u0101s s\u012bkdatnes<\/strong><\/p>\n\n\n\n<p>Veids: Sesijas s\u012bkfaili<\/p>\n\n\n\n<p>Administr\u0113: .<\/p>\n\n\n\n<p>M\u0113r\u0137is: \u0160\u012bs S\u012bkdatnes ir nepiecie\u0161amas, lai sniegtu Jums T\u012bmek\u013ca vietn\u0113 pieejamos pakalpojumus un \u013cautu Jums izmantot da\u017eas t\u0101s funkcijas. T\u0101s pal\u012bdz autentific\u0113t lietot\u0101jus un nov\u0113rst lietot\u0101ju kontu kr\u0101pniecisku izmanto\u0161anu. Bez \u0161\u012bm S\u012bkdatn\u0113m nav iesp\u0113jams sniegt pakalpojumus, kurus J\u016bs esat piepras\u012bjis, un M\u0113s izmantojam \u0161\u012bs S\u012bkdatnes tikai t\u0101d\u0113\u013c, lai sniegtu Jums \u0161os pakalpojumus.<\/p>\n\n\n\n<p><strong>S\u012bkfailu politika \/ Pazi\u0146ojums Pie\u0146em\u0161ana S\u012bkfaili<\/strong><\/p>\n\n\n\n<p>Veids: Past\u0101v\u012bg\u0101s s\u012bkdatnes<\/p>\n\n\n\n<p>Administr\u0113: .<\/p>\n\n\n\n<p>M\u0113r\u0137is: \u0160\u012bs s\u012bkdatnes identific\u0113, vai lietot\u0101ji ir piekritu\u0161i s\u012bkdat\u0146u izmanto\u0161anai t\u012bmek\u013ca vietn\u0113.<\/p>\n\n\n\n<p><strong>Funkcionalit\u0101te S\u012bkfaili<\/strong><\/p>\n\n\n\n<p>Veids: Past\u0101v\u012bg\u0101s s\u012bkdatnes<\/p>\n\n\n\n<p>Administr\u0113: .<\/p>\n\n\n\n<p>M\u0113r\u0137is: \u0160\u012bs S\u012bkdatnes \u013cauj mums atcer\u0113ties J\u016bsu veikt\u0101s izv\u0113les, kad J\u016bs izmantojat T\u012bmek\u013ca vietni, piem\u0113ram, atcer\u0113ties J\u016bsu pieteik\u0161an\u0101s inform\u0101ciju vai valodas izv\u0113li. \u0160o S\u012bkdat\u0146u m\u0113r\u0137is ir nodro\u0161in\u0101t Jums person\u012bg\u0101ku pieredzi un izvair\u012bties no t\u0101, ka Jums katru reizi, kad izmantojat T\u012bmek\u013ca vietni, ir atk\u0101rtoti j\u0101ievada savas preferences.<\/p>\n\n\n\n<p>Lai ieg\u016btu vair\u0101k inform\u0101cijas par m\u016bsu izmantotaj\u0101m s\u012bkdatn\u0113m un j\u016bsu izv\u0113les iesp\u0113j\u0101m attiec\u012bb\u0101 uz s\u012bkdatn\u0113m, l\u016bdzu, apmekl\u0113jiet m\u016bsu S\u012bkdat\u0146u politiku vai m\u016bsu konfidencialit\u0101tes politikas sada\u013cu S\u012bkdatnes.<\/p>\n\n\n\n<h3 class=\"wp-block-heading\">J\u016bsu personas datu izmanto\u0161ana<\/h3>\n\n\n\n<p>Sabiedr\u012bba var izmantot Personas datus \u0161\u0101diem m\u0113r\u0137iem:<\/p>\n\n\n\n<p><strong>Lai nodro\u0161in\u0101tu un uztur\u0113tu m\u016bsu Pakalpojumu.<\/strong>, tostarp, lai uzraudz\u012btu m\u016bsu Pakalpojuma izmanto\u0161anu.<\/p>\n\n\n\n<p><strong>Lai p\u0101rvald\u012btu savu kontu:<\/strong> lai p\u0101rvald\u012btu J\u016bsu k\u0101 Pakalpojuma lietot\u0101ja re\u0123istr\u0101ciju. J\u016bsu sniegtie personas dati var nodro\u0161in\u0101t Jums piek\u013cuvi da\u017e\u0101d\u0101m Pakalpojuma funkcij\u0101m, kas Jums ir pieejamas k\u0101 re\u0123istr\u0113tam lietot\u0101jam.<\/p>\n\n\n\n<p><strong>L\u012bguma izpildei:<\/strong> J\u016bsu ieg\u0101d\u0101to produktu, pre\u010du vai pakalpojumu pirkuma l\u012bguma vai jebkura cita ar mums nosl\u0113gta l\u012bguma, izmantojot Pakalpojumu, izstr\u0101di, atbilst\u012bbu un izpildi.<\/p>\n\n\n\n<p><strong>Lai sazin\u0101tos ar Jums:<\/strong> sazin\u0101ties ar Jums, izmantojot e-pastu, t\u0101lru\u0146a zvanus, SMS vai citus l\u012bdzv\u0113rt\u012bgus elektronisk\u0101s sazi\u0146as veidus, piem\u0113ram, mobil\u0101s lietotnes push pazi\u0146ojumus par atjaunin\u0101jumiem vai informat\u012bviem pazi\u0146ojumiem, kas saist\u012bti ar funkcionalit\u0101ti, produktiem vai nol\u012bgtajiem pakalpojumiem, tostarp dro\u0161\u012bbas atjaunin\u0101jumiem, ja tas ir nepiecie\u0161ams vai pamatoti to \u012bsteno\u0161anai.<\/p>\n\n\n\n<p><strong>Nodro\u0161in\u0101t Jums<\/strong> ar jaunumiem, \u012bpa\u0161iem pied\u0101v\u0101jumiem un visp\u0101r\u012bgu inform\u0101ciju par cit\u0101m m\u016bsu pied\u0101v\u0101taj\u0101m prec\u0113m, pakalpojumiem un pas\u0101kumiem, kas ir l\u012bdz\u012bgi tiem, kurus jau esat ieg\u0101d\u0101jies vai par kuriem jau esat interes\u0113jies, ja vien J\u016bs neesat izv\u0113l\u0113jies \u0161\u0101du inform\u0101ciju nesa\u0146emt.<\/p>\n\n\n\n<p><strong>lai p\u0101rvald\u012btu J\u016bsu piepras\u012bjumus:<\/strong> lai apkalpotu un p\u0101rvald\u012btu J\u016bsu mums adres\u0113tos piepras\u012bjumus.<\/p>\n\n\n\n<p><strong>Uz\u0146\u0113m\u0113jdarb\u012bbas p\u0101rskait\u012bjumiem:<\/strong> M\u0113s varam izmantot J\u016bsu inform\u0101ciju, lai nov\u0113rt\u0113tu vai veiktu apvieno\u0161anos, nodal\u012b\u0161anu, p\u0101rstruktur\u0113\u0161anu, reorganiz\u0101ciju, likvid\u0101ciju vai cit\u0101du da\u017eu vai visu M\u016bsu akt\u012bvu p\u0101rdo\u0161anu vai nodo\u0161anu, neatkar\u012bgi no t\u0101, vai tas notiek darb\u012bbas turpin\u0101\u0161anas vai bankrota, likvid\u0101cijas vai l\u012bdz\u012bgas proced\u016bras ietvaros, kur\u0101 starp nododamajiem akt\u012bviem ir M\u016bsu r\u012bc\u012bb\u0101 eso\u0161ie Personas dati par m\u016bsu Pakalpojumu lietot\u0101jiem.<\/p>\n\n\n\n<p><strong>Citiem m\u0113r\u0137iem<\/strong>: M\u0113s varam izmantot J\u016bsu inform\u0101ciju citiem m\u0113r\u0137iem, piem\u0113ram, datu anal\u012bzei, lieto\u0161anas tenden\u010du noteik\u0161anai, m\u016bsu rekl\u0101mas kampa\u0146u efektivit\u0101tes noteik\u0161anai un lai nov\u0113rt\u0113tu un uzlabotu m\u016bsu Pakalpojumu, produktus, pakalpojumus, m\u0101rketingu un J\u016bsu pieredzi.<\/p>\n\n\n\n<p>M\u0113s varam kop\u012bgot J\u016bsu personisko inform\u0101ciju \u0161\u0101dos gad\u012bjumos:<\/p>\n\n\n\n<ul class=\"wp-block-list\">\n<li><strong>Ar pakalpojumu sniedz\u0113jiem:<\/strong> M\u0113s varam kop\u012bgot J\u016bsu personisko inform\u0101ciju ar Pakalpojumu sniedz\u0113jiem, lai uzraudz\u012btu un analiz\u0113tu m\u016bsu Pakalpojuma izmanto\u0161anu, sazin\u0101tos ar Jums.<\/li>\n\n\n\n<li><strong>Uz\u0146\u0113m\u0113jdarb\u012bbas p\u0101rskait\u012bjumiem:<\/strong> M\u0113s varam kop\u012bgot vai nodot J\u016bsu personisko inform\u0101ciju saist\u012bb\u0101 ar jebk\u0101du apvieno\u0161anos, Sabiedr\u012bbas akt\u012bvu p\u0101rdo\u0161anu, finans\u0113\u0161anu vai visas M\u016bsu uz\u0146\u0113m\u0113jdarb\u012bbas vai t\u0101s da\u013cas ieg\u0101di citam uz\u0146\u0113mumam, vai sarunu laik\u0101 par to.<\/li>\n\n\n\n<li><strong>Ar fili\u0101l\u0113m:<\/strong> M\u0113s varam kop\u012bgot J\u016bsu inform\u0101ciju ar M\u016bsu fili\u0101l\u0113m, un t\u0101d\u0101 gad\u012bjum\u0101 m\u0113s piepras\u012bsim, lai \u0161\u012bs fili\u0101les iev\u0113ro \u0161o konfidencialit\u0101tes politiku. Saist\u012btie uz\u0146\u0113mumi ietver M\u016bsu m\u0101tesuz\u0146\u0113mumu un jebkurus citus meitasuz\u0146\u0113mumus, kopuz\u0146\u0113mumu partnerus vai citus uz\u0146\u0113mumus, kurus M\u0113s kontrol\u0113jam vai kuri atrodas ar Mums kop\u012bg\u0101 kontrol\u0113.<\/li>\n\n\n\n<li><strong>Ar sadarb\u012bbas partneriem:<\/strong> M\u0113s varam kop\u012bgot J\u016bsu inform\u0101ciju ar M\u016bsu sadarb\u012bbas partneriem, lai pied\u0101v\u0101tu Jums noteiktus produktus, pakalpojumus vai akcijas.<\/li>\n\n\n\n<li><strong>Kop\u0101 ar citiem lietot\u0101jiem:<\/strong> ja J\u016bs publisk\u0101s zon\u0101s kop\u012bgojat personisko inform\u0101ciju vai cit\u0101di mijiedarbojaties ar citiem lietot\u0101jiem, \u0161\u0101du inform\u0101ciju var redz\u0113t visi lietot\u0101ji un t\u0101 var tikt publiski izplat\u012bta \u0101rpus vietnes.<\/li>\n\n\n\n<li><strong>Ar J\u016bsu piekri\u0161anu<\/strong>: Ar j\u016bsu piekri\u0161anu m\u0113s varam izpaust j\u016bsu personisko inform\u0101ciju jebk\u0101diem citiem m\u0113r\u0137iem.<\/li>\n<\/ul>\n\n\n\n<h3 class=\"wp-block-heading\">J\u016bsu personas datu saglab\u0101\u0161ana<\/h3>\n\n\n\n<p>Sabiedr\u012bba saglab\u0101s J\u016bsu Personas datus tikai tik ilgi, cik tas ir nepiecie\u0161ams \u0161aj\u0101 Priv\u0101tuma politik\u0101 izkl\u0101st\u012btajiem m\u0113r\u0137iem. M\u0113s saglab\u0101sim un izmantosim J\u016bsu Personas datus, cikt\u0101l tas nepiecie\u0161ams, lai izpild\u012btu savas juridisk\u0101s saist\u012bbas (piem\u0113ram, ja mums ir pien\u0101kums saglab\u0101t J\u016bsu datus, lai iev\u0113rotu piem\u0113rojamos ties\u012bbu aktus), risin\u0101tu str\u012bdus un \u012bstenotu savus juridiskos l\u012bgumus un politiku.<\/p>\n\n\n\n<p>Uz\u0146\u0113mums saglab\u0101s ar\u012b Lieto\u0161anas datus iek\u0161\u0113j\u0101s anal\u012bzes vajadz\u012bb\u0101m. Lieto\u0161anas dati parasti tiek glab\u0101ti \u012bs\u0101ku laiku, iz\u0146emot gad\u012bjumus, kad \u0161ie dati tiek izmantoti, lai stiprin\u0101tu M\u016bsu Pakalpojuma dro\u0161\u012bbu vai uzlabotu t\u0101 funkcionalit\u0101ti, vai kad Mums ir juridisks pien\u0101kums glab\u0101t \u0161os datus ilg\u0101ku laiku.<\/p>\n\n\n\n<h3 class=\"wp-block-heading\">J\u016bsu personas datu p\u0101rs\u016bt\u012b\u0161ana<\/h3>\n\n\n\n<p>J\u016bsu inform\u0101cija, tostarp Personas dati, tiek apstr\u0101d\u0101ti Sabiedr\u012bbas darb\u012bbas birojos un jebkur\u0101 cit\u0101 viet\u0101, kur atrodas apstr\u0101d\u0113 iesaist\u012bt\u0101s puses. Tas noz\u012bm\u0113, ka \u0161\u012b inform\u0101cija var tikt p\u0101rs\u016bt\u012bta uz datoriem, kas atrodas \u0101rpus J\u016bsu valsts, provinces, valsts vai citas valsts jurisdikcijas, kur datu aizsardz\u012bbas likumi var at\u0161\u0137irties no J\u016bsu jurisdikcijas likumiem.<\/p>\n\n\n\n<p>J\u016bsu piekri\u0161ana \u0161ai konfidencialit\u0101tes politikai, kam seko \u0161\u0101das inform\u0101cijas iesnieg\u0161ana, ir J\u016bsu piekri\u0161ana \u0161\u0101dai p\u0101rs\u016bt\u012b\u0161anai.<\/p>\n\n\n\n<p>Sabiedr\u012bba veiks visus nepiecie\u0161amos pas\u0101kumus, lai nodro\u0161in\u0101tu, ka J\u016bsu dati tiek apstr\u0101d\u0101ti dro\u0161i un saska\u0146\u0101 ar \u0161o konfidencialit\u0101tes politiku, un J\u016bsu personas dati netiks nos\u016bt\u012bti organiz\u0101cijai vai valstij, ja netiks \u012bstenota atbilsto\u0161a kontrole, tostarp J\u016bsu datu un citas personas inform\u0101cijas dro\u0161\u012bba.<\/p>\n\n\n\n<h3 class=\"wp-block-heading\">J\u016bsu personas datu dz\u0113\u0161ana<\/h3>\n\n\n\n<p>Jums ir ties\u012bbas dz\u0113st vai piepras\u012bt, lai M\u0113s pal\u012bdzam dz\u0113st Personas datus, ko esam par Jums sav\u0101ku\u0161i.<\/p>\n\n\n\n<p>M\u016bsu Pakalpojums var sniegt Jums iesp\u0113ju Pakalpojum\u0101 dz\u0113st noteiktu inform\u0101ciju par Jums.<\/p>\n\n\n\n<p>J\u016bs varat jebkur\u0101 laik\u0101 atjaunin\u0101t, groz\u012bt vai dz\u0113st savu inform\u0101ciju, pierakstoties sav\u0101 kont\u0101, ja t\u0101ds jums ir, un apmekl\u0113jot konta iestat\u012bjumu sada\u013cu, kur\u0101 varat p\u0101rvald\u012bt savu personisko inform\u0101ciju. J\u016bs varat ar\u012b sazin\u0101ties ar Mums, lai piepras\u012btu piek\u013cuvi, labotu vai dz\u0113stu jebk\u0101du personisko inform\u0101ciju, ko J\u016bs mums esat sniedzis.<\/p>\n\n\n\n<p>Tom\u0113r \u0146emiet v\u0113r\u0101, ka mums var b\u016bt nepiecie\u0161ams saglab\u0101t noteiktu inform\u0101ciju, ja mums ir juridisks pien\u0101kums vai tiesisks pamats to dar\u012bt.<\/p>\n\n\n\n<h3 class=\"wp-block-heading\">J\u016bsu personas datu izpau\u0161ana<\/h3>\n\n\n\n<h4 class=\"wp-block-heading\">Uz\u0146\u0113m\u0113jdarb\u012bbas dar\u012bjumi<\/h4>\n\n\n\n<p>Ja Sabiedr\u012bba ir iesaist\u012bta apvieno\u0161an\u0101s, ieg\u0101des vai akt\u012bvu p\u0101rdo\u0161anas dar\u012bjum\u0101, J\u016bsu Personas dati var tikt nodoti. M\u0113s sniegsim pazi\u0146ojumu, pirms J\u016bsu Personas dati tiks nodoti un tiem tiks piem\u0113rota cita konfidencialit\u0101tes politika.<\/p>\n\n\n\n<h4 class=\"wp-block-heading\">Ties\u012bbaizsardz\u012bbas iest\u0101des<\/h4>\n\n\n\n<p>Noteiktos apst\u0101k\u013cos Sabiedr\u012bbai var b\u016bt pien\u0101kums izpaust J\u016bsu Personas datus, ja to pieprasa likums vai valsts iest\u0101des (piem\u0113ram, tiesa vai valsts a\u0123ent\u016bra), atbildot uz pamatotiem piepras\u012bjumiem.<\/p>\n\n\n\n<h4 class=\"wp-block-heading\">Citas juridisk\u0101s pras\u012bbas<\/h4>\n\n\n\n<p>Sabiedr\u012bba var izpaust J\u016bsu Personas datus, ja t\u0101 labtic\u012bgi uzskata, ka \u0161\u0101da r\u012bc\u012bba ir nepiecie\u0161ama, lai:<\/p>\n\n\n\n<ul class=\"wp-block-list\">\n<li>Izpild\u012bt juridisku pien\u0101kumu<\/li>\n\n\n\n<li>aizsarg\u0101t un aizst\u0101v\u0113t Sabiedr\u012bbas ties\u012bbas vai \u012bpa\u0161umu.<\/li>\n\n\n\n<li>nov\u0113rst vai izmekl\u0113t iesp\u0113jamus p\u0101rk\u0101pumus saist\u012bb\u0101 ar Pakalpojumu.<\/li>\n\n\n\n<li>aizsarg\u0101t Pakalpojuma lietot\u0101ju vai sabiedr\u012bbas personisko dro\u0161\u012bbu.<\/li>\n\n\n\n<li>Aizsardz\u012bba pret juridisko atbild\u012bbu<\/li>\n<\/ul>\n\n\n\n<h3 class=\"wp-block-heading\">J\u016bsu personas datu dro\u0161\u012bba<\/h3>\n\n\n\n<p>Mums ir svar\u012bga J\u016bsu Personas datu dro\u0161\u012bba, ta\u010du atcerieties, ka neviena p\u0101rraides metode internet\u0101 vai elektronisk\u0101s uzglab\u0101\u0161anas metode nav dro\u0161a. Lai gan M\u0113s cen\u0161amies izmantot komerci\u0101li pie\u0146emamus l\u012bdzek\u013cus, lai aizsarg\u0101tu J\u016bsu Personas datus, M\u0113s nevaram garant\u0113t to piln\u012bgu dro\u0161\u012bbu.<\/p>\n\n\n\n<h2 class=\"wp-block-heading\">B\u0113rnu priv\u0101tums<\/h2>\n\n\n\n<p>M\u016bsu Pakalpojums nav paredz\u0113ts person\u0101m, kas jaun\u0101kas par 13 gadiem. M\u0113s apzin\u0101ti nev\u0101cam personiski identific\u0113jamu inform\u0101ciju no person\u0101m, kas jaun\u0101kas par 13 gadiem. Ja J\u016bs esat vec\u0101ks vai aizbildnis un Jums ir zin\u0101ms, ka J\u016bsu b\u0113rns ir sniedzis Mums personas datus, l\u016bdzu, sazinieties ar Mums. Ja M\u0113s uzzin\u0101m, ka esam v\u0101ku\u0161i Personas datus no personas, kas jaun\u0101ka par 13 gadiem, bez vec\u0101ku piekri\u0161anas p\u0101rbaudes, M\u0113s veicam pas\u0101kumus, lai \u0161o inform\u0101ciju iz\u0146emtu no M\u016bsu serveriem.<\/p>\n\n\n\n<p>Ja Mums ir j\u0101pa\u013caujas uz piekri\u0161anu k\u0101 juridisko pamatu J\u016bsu inform\u0101cijas apstr\u0101dei un ja J\u016bsu valst\u012b ir nepiecie\u0161ama vec\u0101ka piekri\u0161ana, M\u0113s varam piepras\u012bt J\u016bsu vec\u0101ka piekri\u0161anu, pirms M\u0113s v\u0101cam un izmantojam \u0161o inform\u0101ciju.<\/p>\n\n\n\n<p><\/p>\n\n\n\n<h2 class=\"wp-block-heading\">Saites uz cit\u0101m vietn\u0113m<\/h2>\n\n\n\n<p>M\u016bsu Pakalpojums var satur\u0113t saites uz cit\u0101m t\u012bmek\u013ca vietn\u0113m, kuras nav M\u016bsu p\u0101rvald\u012bb\u0101. Ja J\u016bs noklik\u0161\u0137in\u0101siet uz tre\u0161\u0101s puses saites, J\u016bs tiksiet novirz\u012bts uz \u0161\u012bs tre\u0161\u0101s puses vietni. M\u0113s iesak\u0101m Jums iepaz\u012bties ar katras J\u016bsu apmekl\u0113t\u0101s vietnes konfidencialit\u0101tes politiku.<\/p>\n\n\n\n<p>M\u0113s nekontrol\u0113jam un neuz\u0146emamies atbild\u012bbu par tre\u0161o pu\u0161u viet\u0146u vai pakalpojumu saturu, konfidencialit\u0101tes politiku vai praksi.<\/p>\n\n\n\n<p><\/p>\n\n\n\n<h2 class=\"wp-block-heading\">Izmai\u0146as \u0161aj\u0101 konfidencialit\u0101tes politik\u0101<\/h2>\n\n\n\n<p>M\u0113s laiku pa laikam varam atjaunin\u0101t Savu konfidencialit\u0101tes politiku. M\u0113s J\u016bs inform\u0113sim par jebk\u0101d\u0101m izmai\u0146\u0101m, ievietojot jauno konfidencialit\u0101tes politiku \u0161aj\u0101 lap\u0101.<\/p>\n\n\n\n<p>Pirms izmai\u0146u st\u0101\u0161an\u0101s sp\u0113k\u0101 m\u0113s J\u016bs par to inform\u0113sim, izmantojot e-pastu un\/vai redzamu pazi\u0146ojumu M\u016bsu Pakalpojum\u0101, un atjaunin\u0101sim datumu \"P\u0113d\u0113jo reizi atjaunin\u0101ts\" \u0161\u012bs Konfidencialit\u0101tes politikas aug\u0161da\u013c\u0101.<\/p>\n\n\n\n<p>Iesak\u0101m periodiski p\u0101rskat\u012bt \u0161o konfidencialit\u0101tes politiku, lai uzzin\u0101tu par jebk\u0101d\u0101m izmai\u0146\u0101m. Izmai\u0146as \u0161aj\u0101 konfidencialit\u0101tes politik\u0101 st\u0101jas sp\u0113k\u0101, kad t\u0101s tiek public\u0113tas \u0161aj\u0101 lap\u0101.<\/p>\n\n\n\n<p><\/p>\n\n\n\n<h2 class=\"wp-block-heading\">Sazinieties ar mums<\/h2>\n\n\n\n<p>Ja jums ir k\u0101di jaut\u0101jumi par \u0161o konfidencialit\u0101tes politiku, varat sazin\u0101ties ar mums:<\/p>\n\n\n\n<p>Pa e-pastu: sales@intelway.lv<\/p>\n\n\n\n<p>Apmekl\u0113jot \u0161o m\u016bsu vietnes lapu: <a href=\"\/lv\/www.intelway.lv\/\">www.intelway.lv<\/a> pa pastu: Bie\u0137ensalas iela 21, R\u012bga<\/p>","protected":false},"excerpt":{"rendered":"<p>Privacy Policy Last updated: June 11, 2024 This Privacy Policy describes Our policies and procedures on the collection, use and disclosure of Your information when You use the Service and tells You about Your privacy rights and how the law protects You. We use Your Personal data to provide and improve the Service. By using [&hellip;]<\/p>\n","protected":false},"author":1,"featured_media":0,"parent":0,"menu_order":0,"comment_status":"closed","ping_status":"open","template":"","meta":{"inline_featured_image":false,"_sitemap_exclude":false,"_sitemap_priority":"","_sitemap_frequency":"","footnotes":""},"class_list":["post-3","page","type-page","status-publish","hentry"],"_links":{"self":[{"href":"https:\/\/www.intelway.lv\/lv\/wp-json\/wp\/v2\/pages\/3","targetHints":{"allow":["GET"]}}],"collection":[{"href":"https:\/\/www.intelway.lv\/lv\/wp-json\/wp\/v2\/pages"}],"about":[{"href":"https:\/\/www.intelway.lv\/lv\/wp-json\/wp\/v2\/types\/page"}],"author":[{"embeddable":true,"href":"https:\/\/www.intelway.lv\/lv\/wp-json\/wp\/v2\/users\/1"}],"replies":[{"embeddable":true,"href":"https:\/\/www.intelway.lv\/lv\/wp-json\/wp\/v2\/comments?post=3"}],"version-history":[{"count":0,"href":"https:\/\/www.intelway.lv\/lv\/wp-json\/wp\/v2\/pages\/3\/revisions"}],"wp:attachment":[{"href":"https:\/\/www.intelway.lv\/lv\/wp-json\/wp\/v2\/media?parent=3"}],"curies":[{"name":"wp","href":"https:\/\/api.w.org\/{rel}","templated":true}]}}